{"id":6072,"date":"2024-09-26T11:27:29","date_gmt":"2024-09-26T11:27:29","guid":{"rendered":"https:\/\/www.orisquinhas.pt\/pt\/?page_id=6072"},"modified":"2024-09-26T11:36:05","modified_gmt":"2024-09-26T11:36:05","slug":"terapia-ocupacional","status":"publish","type":"page","link":"https:\/\/www.orisquinhas.pt\/pt\/terapia-ocupacional\/","title":{"rendered":"Terapia ocupacional"},"content":{"rendered":"<p>[vc_row full_width=&#8221;stretch_row&#8221; css=&#8221;.vc_custom_1476277432985{margin-top: -7px !important;padding-top: 33px !important;padding-bottom: 57px !important;background-color: #fff9f2 !important;}&#8221;][vc_column width=&#8221;1\/2&#8243;][stm_icon_box view_style=&#8221;style-4&#8243; icon_color=&#8221;custom&#8221; title_color=&#8221;custom&#8221; title=&#8221;Terapia ocupacional &#8221; icon_size=&#8221;70px&#8221; title_color_custom=&#8221;#56509f&#8221; title_font_size=&#8221;42px&#8221; title_line_height=&#8221;60px&#8221; icon_fontawesome=&#8221;stm-icon stm-icon-doll&#8221; icon_color_custom=&#8221;#ff6682&#8243; top_indent=&#8221;10px&#8221; css=&#8221;.vc_custom_1727350168700{margin-bottom: 4px !important;}&#8221;][vc_column_text css=&#8221;.vc_custom_1727350202236{margin-bottom: 15px !important;}&#8221;]A Terapia Ocupacional \u00e9 uma \u00e1rea da sa\u00fade que se foca no desenvolvimento e no aprimoramento das habilidades motoras, cognitivas, sensoriais e sociais de crian\u00e7as, permitindo que elas desempenhem com mais facilidade atividades do dia a dia. O objetivo principal \u00e9 ajudar as crian\u00e7as a alcan\u00e7ar maior independ\u00eancia e participar de atividades apropriadas para a sua idade, seja em casa, na escola ou em ambientes sociais.<\/p>\n<p>&nbsp;<\/p>\n<p>Essa terapia pode ser especialmente ben\u00e9fica para crian\u00e7as que apresentam dificuldades relacionadas com o desenvolvimento, como transtornos do espectro autista (TEA), d\u00e9ficit de aten\u00e7\u00e3o e hiperatividade (TDAH), paralisia cerebral, atrasos no desenvolvimento motor, dificuldades sensoriais e problemas de coordena\u00e7\u00e3o motora.<\/p>\n<p>Os terapeutas ocupacionais utilizam abordagens l\u00fadicas e criativas para estimular a crian\u00e7a em diversas \u00e1reas,<\/p>\n<p>&nbsp;<\/p>\n<p>A Terapia Ocupacional Infantil procura proporcionar \u00e0 crian\u00e7a as ferramentas e estrat\u00e9gias necess\u00e1rias para superar desafios, aumentando a sua confian\u00e7a, autonomia e qualidade de vida.[\/vc_column_text][\/vc_column][vc_column width=&#8221;1\/2&#8243; css=&#8221;.vc_custom_1475487712110{padding-top: 57px !important;padding-left: 50px !important;}&#8221;][stm_single_image img_border_radius=&#8221;true&#8221; img_id=&#8221;6000&#8243; img_size=&#8221;500&#215;300&#8243;][\/vc_column][\/vc_row]<\/p>\n","protected":false},"excerpt":{"rendered":"<p>[vc_row full_width=&#8221;stretch_row&#8221; css=&#8221;.vc_custom_1476277432985{margin-top: -7px !important;padding-top: 33px !important;padding-bottom: 57px !important;background-color: #fff9f2 !important;}&#8221;][vc_column width=&#8221;1\/2&#8243;][stm_icon_box view_style=&#8221;style-4&#8243; icon_color=&#8221;custom&#8221; title_color=&#8221;custom&#8221; title=&#8221;Terapia ocupacional &#8221; icon_size=&#8221;70px&#8221; title_color_custom=&#8221;#56509f&#8221; title_font_size=&#8221;42px&#8221; title_line_height=&#8221;60px&#8221; icon_fontawesome=&#8221;stm-icon stm-icon-doll&#8221; icon_color_custom=&#8221;#ff6682&#8243; top_indent=&#8221;10px&#8221; css=&#8221;.vc_custom_1727350168700{margin-bottom: 4px !important;}&#8221;][vc_column_text css=&#8221;.vc_custom_1727350202236{margin-bottom: 15px !important;}&#8221;]A Terapia Ocupacional \u00e9 uma \u00e1rea da sa\u00fade que se foca no desenvolvimento e no aprimoramento das habilidades motoras, cognitivas, sensoriais e sociais de [&hellip;]<\/p>\n","protected":false},"author":1,"featured_media":0,"parent":0,"menu_order":0,"comment_status":"closed","ping_status":"closed","template":"","meta":{"footnotes":""},"class_list":["post-6072","page","type-page","status-publish","hentry"],"_links":{"self":[{"href":"https:\/\/www.orisquinhas.pt\/pt\/wp-json\/wp\/v2\/pages\/6072","targetHints":{"allow":["GET"]}}],"collection":[{"href":"https:\/\/www.orisquinhas.pt\/pt\/wp-json\/wp\/v2\/pages"}],"about":[{"href":"https:\/\/www.orisquinhas.pt\/pt\/wp-json\/wp\/v2\/types\/page"}],"author":[{"embeddable":true,"href":"https:\/\/www.orisquinhas.pt\/pt\/wp-json\/wp\/v2\/users\/1"}],"replies":[{"embeddable":true,"href":"https:\/\/www.orisquinhas.pt\/pt\/wp-json\/wp\/v2\/comments?post=6072"}],"version-history":[{"count":2,"href":"https:\/\/www.orisquinhas.pt\/pt\/wp-json\/wp\/v2\/pages\/6072\/revisions"}],"predecessor-version":[{"id":6074,"href":"https:\/\/www.orisquinhas.pt\/pt\/wp-json\/wp\/v2\/pages\/6072\/revisions\/6074"}],"wp:attachment":[{"href":"https:\/\/www.orisquinhas.pt\/pt\/wp-json\/wp\/v2\/media?parent=6072"}],"curies":[{"name":"wp","href":"https:\/\/api.w.org\/{rel}","templated":true}]}}