{"id":5285,"date":"2017-09-04T15:38:41","date_gmt":"2017-09-04T15:38:41","guid":{"rendered":"http:\/\/www.orisquinhas.pt\/pt\/?page_id=5285"},"modified":"2017-09-04T19:29:00","modified_gmt":"2017-09-04T19:29:00","slug":"festas-do-pijama","status":"publish","type":"page","link":"https:\/\/www.orisquinhas.pt\/pt\/festas-do-pijama\/","title":{"rendered":"Festas do Pijama"},"content":{"rendered":"<p>[vc_row full_width=&#8221;stretch_row&#8221; css=&#8221;.vc_custom_1476277432985{margin-top: -7px !important;padding-top: 33px !important;padding-bottom: 57px !important;background-color: #fff9f2 !important;}&#8221;][vc_column width=&#8221;1\/2&#8243;][stm_icon_box view_style=&#8221;style-4&#8243; icon_color=&#8221;custom&#8221; title_color=&#8221;custom&#8221; title=&#8221;Festas do Pijama&#8221; icon_size=&#8221;70px&#8221; title_color_custom=&#8221;#56509f&#8221; title_font_size=&#8221;42px&#8221; title_line_height=&#8221;60px&#8221; icon_fontawesome=&#8221;stm-icon stm-icon-bear&#8221; icon_color_custom=&#8221;#4bd8cf&#8221; top_indent=&#8221;10px&#8221; css=&#8221;.vc_custom_1504539623916{margin-bottom: 4px !important;}&#8221;][vc_column_text css=&#8221;.vc_custom_1504539460502{margin-bottom: 15px !important;}&#8221;]Organiza\u00e7\u00e3o de Festas do Pijama \u00e0s sextas-feiras \u00e0 noite. O Risquinhas prop\u00f5em uma noite super divertida, com muitas brincadeiras.[\/vc_column_text][\/vc_column][vc_column width=&#8221;1\/2&#8243; css=&#8221;.vc_custom_1475487712110{padding-top: 57px !important;padding-left: 50px !important;}&#8221;][stm_single_image img_border_radius=&#8221;true&#8221; img_id=&#8221;5286&#8243; img_size=&#8221;500&#215;300&#8243;][\/vc_column][\/vc_row]<\/p>\n","protected":false},"excerpt":{"rendered":"<p>[vc_row full_width=&#8221;stretch_row&#8221; css=&#8221;.vc_custom_1476277432985{margin-top: -7px !important;padding-top: 33px !important;padding-bottom: 57px !important;background-color: #fff9f2 !important;}&#8221;][vc_column width=&#8221;1\/2&#8243;][stm_icon_box view_style=&#8221;style-4&#8243; icon_color=&#8221;custom&#8221; title_color=&#8221;custom&#8221; title=&#8221;Festas do Pijama&#8221; icon_size=&#8221;70px&#8221; title_color_custom=&#8221;#56509f&#8221; title_font_size=&#8221;42px&#8221; title_line_height=&#8221;60px&#8221; icon_fontawesome=&#8221;stm-icon stm-icon-bear&#8221; icon_color_custom=&#8221;#4bd8cf&#8221; top_indent=&#8221;10px&#8221; css=&#8221;.vc_custom_1504539623916{margin-bottom: 4px !important;}&#8221;][vc_column_text css=&#8221;.vc_custom_1504539460502{margin-bottom: 15px !important;}&#8221;]Organiza\u00e7\u00e3o de Festas do Pijama \u00e0s sextas-feiras \u00e0 noite. O Risquinhas prop\u00f5em uma noite super divertida, com muitas brincadeiras.[\/vc_column_text][\/vc_column][vc_column width=&#8221;1\/2&#8243; css=&#8221;.vc_custom_1475487712110{padding-top: 57px !important;padding-left: 50px [&hellip;]<\/p>\n","protected":false},"author":1,"featured_media":0,"parent":0,"menu_order":0,"comment_status":"closed","ping_status":"closed","template":"","meta":{"footnotes":""},"class_list":["post-5285","page","type-page","status-publish","hentry"],"_links":{"self":[{"href":"https:\/\/www.orisquinhas.pt\/pt\/wp-json\/wp\/v2\/pages\/5285","targetHints":{"allow":["GET"]}}],"collection":[{"href":"https:\/\/www.orisquinhas.pt\/pt\/wp-json\/wp\/v2\/pages"}],"about":[{"href":"https:\/\/www.orisquinhas.pt\/pt\/wp-json\/wp\/v2\/types\/page"}],"author":[{"embeddable":true,"href":"https:\/\/www.orisquinhas.pt\/pt\/wp-json\/wp\/v2\/users\/1"}],"replies":[{"embeddable":true,"href":"https:\/\/www.orisquinhas.pt\/pt\/wp-json\/wp\/v2\/comments?post=5285"}],"version-history":[{"count":0,"href":"https:\/\/www.orisquinhas.pt\/pt\/wp-json\/wp\/v2\/pages\/5285\/revisions"}],"wp:attachment":[{"href":"https:\/\/www.orisquinhas.pt\/pt\/wp-json\/wp\/v2\/media?parent=5285"}],"curies":[{"name":"wp","href":"https:\/\/api.w.org\/{rel}","templated":true}]}}