{"id":4961,"date":"2017-07-31T22:08:16","date_gmt":"2017-07-31T22:08:16","guid":{"rendered":"http:\/\/www.orisquinhas.pt\/pt\/?page_id=4961"},"modified":"2017-09-04T19:28:46","modified_gmt":"2017-09-04T19:28:46","slug":"festas-de-aniversario","status":"publish","type":"page","link":"https:\/\/www.orisquinhas.pt\/pt\/festas-de-aniversario\/","title":{"rendered":"Festas de Anivers\u00e1rio"},"content":{"rendered":"<p>[vc_row full_width=&#8221;stretch_row&#8221; css=&#8221;.vc_custom_1476277432985{margin-top: -7px !important;padding-top: 33px !important;padding-bottom: 57px !important;background-color: #fff9f2 !important;}&#8221;][vc_column width=&#8221;1\/2&#8243;][stm_icon_box view_style=&#8221;style-4&#8243; icon_color=&#8221;custom&#8221; title_color=&#8221;custom&#8221; title=&#8221;Festas de Anivers\u00e1rio&#8221; icon_size=&#8221;70px&#8221; title_color_custom=&#8221;#56509f&#8221; title_font_size=&#8221;42px&#8221; title_line_height=&#8221;60px&#8221; icon_fontawesome=&#8221;stm-icon stm-icon-bricks&#8221; icon_color_custom=&#8221;#ffaf40&#8243; top_indent=&#8221;10px&#8221; css=&#8221;.vc_custom_1501538951573{margin-bottom: 4px !important;}&#8221;][vc_column_text css=&#8221;.vc_custom_1501538867136{margin-bottom: 15px !important;}&#8221;]Organiza\u00e7\u00e3o de <strong>festas personalizadas\u00a0<\/strong>de anivers\u00e1rio para alunos e ex-alunos do Risquinhas, aos S\u00e1bados (manh\u00e3 ou tarde).<\/p>\n<div class=\"article-content\"><\/div>\n<p>[\/vc_column_text][\/vc_column][vc_column width=&#8221;1\/2&#8243; css=&#8221;.vc_custom_1475487712110{padding-top: 57px !important;padding-left: 50px !important;}&#8221;][stm_single_image img_border_radius=&#8221;true&#8221; img_id=&#8221;4942&#8243; img_size=&#8221;500&#215;300&#8243;][\/vc_column][\/vc_row]<\/p>\n","protected":false},"excerpt":{"rendered":"<p>[vc_row full_width=&#8221;stretch_row&#8221; css=&#8221;.vc_custom_1476277432985{margin-top: -7px !important;padding-top: 33px !important;padding-bottom: 57px !important;background-color: #fff9f2 !important;}&#8221;][vc_column width=&#8221;1\/2&#8243;][stm_icon_box view_style=&#8221;style-4&#8243; icon_color=&#8221;custom&#8221; title_color=&#8221;custom&#8221; title=&#8221;Festas de Anivers\u00e1rio&#8221; icon_size=&#8221;70px&#8221; title_color_custom=&#8221;#56509f&#8221; title_font_size=&#8221;42px&#8221; title_line_height=&#8221;60px&#8221; icon_fontawesome=&#8221;stm-icon stm-icon-bricks&#8221; icon_color_custom=&#8221;#ffaf40&#8243; top_indent=&#8221;10px&#8221; css=&#8221;.vc_custom_1501538951573{margin-bottom: 4px !important;}&#8221;][vc_column_text css=&#8221;.vc_custom_1501538867136{margin-bottom: 15px !important;}&#8221;]Organiza\u00e7\u00e3o de festas personalizadas\u00a0de anivers\u00e1rio para alunos e ex-alunos do Risquinhas, aos S\u00e1bados (manh\u00e3 ou tarde). [\/vc_column_text][\/vc_column][vc_column width=&#8221;1\/2&#8243; css=&#8221;.vc_custom_1475487712110{padding-top: 57px !important;padding-left: 50px !important;}&#8221;][stm_single_image img_border_radius=&#8221;true&#8221; [&hellip;]<\/p>\n","protected":false},"author":1,"featured_media":0,"parent":0,"menu_order":0,"comment_status":"closed","ping_status":"closed","template":"","meta":{"footnotes":""},"class_list":["post-4961","page","type-page","status-publish","hentry"],"_links":{"self":[{"href":"https:\/\/www.orisquinhas.pt\/pt\/wp-json\/wp\/v2\/pages\/4961","targetHints":{"allow":["GET"]}}],"collection":[{"href":"https:\/\/www.orisquinhas.pt\/pt\/wp-json\/wp\/v2\/pages"}],"about":[{"href":"https:\/\/www.orisquinhas.pt\/pt\/wp-json\/wp\/v2\/types\/page"}],"author":[{"embeddable":true,"href":"https:\/\/www.orisquinhas.pt\/pt\/wp-json\/wp\/v2\/users\/1"}],"replies":[{"embeddable":true,"href":"https:\/\/www.orisquinhas.pt\/pt\/wp-json\/wp\/v2\/comments?post=4961"}],"version-history":[{"count":0,"href":"https:\/\/www.orisquinhas.pt\/pt\/wp-json\/wp\/v2\/pages\/4961\/revisions"}],"wp:attachment":[{"href":"https:\/\/www.orisquinhas.pt\/pt\/wp-json\/wp\/v2\/media?parent=4961"}],"curies":[{"name":"wp","href":"https:\/\/api.w.org\/{rel}","templated":true}]}}