{"id":4891,"date":"2017-07-31T14:04:26","date_gmt":"2017-07-31T14:04:26","guid":{"rendered":"http:\/\/www.orisquinhas.pt\/pt\/?page_id=4891"},"modified":"2017-09-13T21:44:34","modified_gmt":"2017-09-13T21:44:34","slug":"mensalidade","status":"publish","type":"page","link":"https:\/\/www.orisquinhas.pt\/pt\/mensalidade\/","title":{"rendered":"Mensalidade"},"content":{"rendered":"<p>[vc_row full_width=&#8221;stretch_row&#8221; css=&#8221;.vc_custom_1476277432985{margin-top: -7px !important;padding-top: 33px !important;padding-bottom: 57px !important;background-color: #fff9f2 !important;}&#8221;][vc_column width=&#8221;1\/2&#8243;][stm_icon_box view_style=&#8221;style-4&#8243; icon_color=&#8221;custom&#8221; title_color=&#8221;custom&#8221; title=&#8221;Mensalidade&#8221; icon_size=&#8221;70px&#8221; title_color_custom=&#8221;#56509f&#8221; title_font_size=&#8221;42px&#8221; title_line_height=&#8221;60px&#8221; icon_fontawesome=&#8221;stm-icon stm-icon-big_bear&#8221; icon_color_custom=&#8221;#bd66ff&#8221; top_indent=&#8221;10px&#8221; css=&#8221;.vc_custom_1501510245147{margin-bottom: 4px !important;}&#8221;][vc_column_text css=&#8221;.vc_custom_1501511975244{margin-bottom: 15px !important;}&#8221;]Atrav\u00e9s do preenchimento do <strong>formul\u00e1rio de pr\u00e9-inscr<\/strong><strong>i\u00e7\u00e3o<\/strong>, teremos a oportunidade de fornecer pessoalmente todas as informa\u00e7\u00f5es necess\u00e1rias, acompanhadas com uma visita \u00e0s nossas instala\u00e7\u00f5es (sujeita a marca\u00e7\u00e3o pr\u00e9via).[\/vc_column_text][\/vc_column][vc_column width=&#8221;1\/2&#8243; css=&#8221;.vc_custom_1475487712110{padding-top: 57px !important;padding-left: 50px !important;}&#8221;][stm_slider buttons_on_slider=&#8221;true&#8221;][stm_slider_item img_id=&#8221;4899&#8243; img_size=&#8221;500&#215;200&#8243;][stm_slider_item img_id=&#8221;4901&#8243; img_size=&#8221;500&#215;200&#8243;][\/stm_slider][\/vc_column][\/vc_row][vc_row css=&#8221;.vc_custom_1476277440350{margin-bottom: 70px !important;padding-top: 58px !important;}&#8221;][vc_column offset=&#8221;vc_col-lg-7 vc_col-md-7&#8243;][stm_camps_table][stm_camps_table_heading heading=&#8221;%5B%7B%22title%22%3A%22Incluido%20na%20Mensalidade%22%7D%5D&#8221;][stm_camps_table_row stm_cell=&#8221;%5B%7B%22stm_text%22%3A%22Actividades%20de%20Enriquecimento%20Curricular%22%7D%5D&#8221;][stm_camps_table_row stm_cell=&#8221;%5B%7B%22stm_text%22%3A%22Rastreio%20Auditivo%22%7D%5D&#8221;][stm_camps_table_row stm_cell=&#8221;%5B%7B%22stm_text%22%3A%22Atelier%20de%20Pintura%22%7D%5D&#8221;][stm_camps_table_row stm_cell=&#8221;%5B%7B%22stm_text%22%3A%221%C2%AA%20Consulta%20de%20Psicologia%22%7D%5D&#8221;][stm_camps_table_row stm_cell=&#8221;%5B%7B%22stm_text%22%3A%22Rastreio%20de%20Linguagem%20e%20Fala%22%7D%5D&#8221;][stm_camps_table_row stm_cell=&#8221;%5B%7B%22stm_text%22%3A%22Horta%20Pedag%C3%B3gica%22%7D%5D&#8221;][stm_camps_table_row stm_cell=&#8221;%5B%7B%22stm_text%22%3A%22Reciclagem%22%7D%5D&#8221;][stm_camps_table_row stm_cell=&#8221;%5B%7B%22stm_text%22%3A%22Ci%C3%AAncia%20Divertida%22%7D%5D&#8221;][stm_camps_table_row stm_cell=&#8221;%5B%7B%22stm_text%22%3A%22Educa%C3%A7%C3%A3o%20pelo%20Movimento%22%7D%5D&#8221;][stm_camps_table_row stm_cell=&#8221;%5B%7B%22stm_text%22%3A%22Experi%C3%AAncias%20Sensoriais%22%7D%5D&#8221;][stm_camps_table_row stm_cell=&#8221;%5B%7B%22stm_text%22%3A%22Espanhol%22%7D%5D&#8221;][stm_camps_table_row stm_cell=&#8221;%5B%7B%22stm_text%22%3A%22Ingl%C3%AAs%20(a%20partir%20dos%202%20anos)%22%7D%5D&#8221;][stm_camps_table_row stm_cell=&#8221;%5B%7B%22stm_text%22%3A%22Atelier%20de%20Culin%C3%A1ria%22%7D%5D&#8221;][stm_camps_table_row stm_cell=&#8221;%5B%7B%22stm_text%22%3A%22Inicia%C3%A7%C3%A3o%20%C3%A0%20Matem%C3%A1tica%22%7D%5D&#8221;][stm_camps_table_row stm_cell=&#8221;%5B%7B%22stm_text%22%3A%22Inicia%C3%A7%C3%A3o%20%C3%A0%20Leitura%2FEscrita%22%7D%5D&#8221;][stm_camps_table_row stm_cell=&#8221;%5B%7B%22stm_text%22%3A%22Inform%C3%A1tica%22%7D%5D&#8221;][stm_camps_table_row stm_cell=&#8221;%5B%7B%22stm_text%22%3A%22Literatura%20Infantil%22%7D%5D&#8221;][stm_camps_table_row stm_cell=&#8221;%5B%7B%22stm_text%22%3A%22Dan%C3%A7a%2C%20M%C3%BAsica%2C%20Teatro%22%7D%5D&#8221;][stm_camps_table_row stm_cell=&#8221;%5B%7B%22stm_text%22%3A%22Ateliers%20nas%20f%C3%A9rias%20lectivas.%5CnHor%C3%A1rio%20entre%20as%2007%3A30h%20e%20as%2019%3A00h%22%7D%5D&#8221;][\/stm_camps_table][\/vc_column][vc_column offset=&#8221;vc_col-lg-5 vc_col-md-5&#8243;][stm_title title_tag=&#8221;h3&#8243; title=&#8221;Formul\u00e1rio&#8221; title_margin_b=&#8221;14px&#8221;][\/stm_title][stm_btn_simple btn_link=&#8221;url:%2Fpt%2Fcontactos%2F|||&#8221; btn_link_text=&#8221;Pr\u00e9-Inscri\u00e7\u00e3o&#8221; btn_margin_b=&#8221;50px&#8221;][stm_text_box title_tag=&#8221;h3&#8243; title_color=&#8221;custom&#8221; title_color_custom=&#8221;#ffffff&#8221; css=&#8221;.vc_custom_1501512292564{padding-top: 28px !important;padding-bottom: 38px !important;background-color: #95cc47 !important;border-radius: 25px !important;}&#8221;]<\/p>\n<h3><strong>N\u00e3o incluido na Mensalidade<\/strong><\/h3>\n<ul class=\"stm-list-3-white\">\n<li>Alimenta\u00e7\u00e3o (almo\u00e7o e lanches)<\/li>\n<li>Actividades Extra-curriculares<\/li>\n<li>Servi\u00e7os em Parceria (Rastreio Visual)<\/li>\n<li>Uniformes<\/li>\n<li>Praia<\/li>\n<li>Passeios \/ visitas de estudo<\/li>\n<li>Consultas de Terapia da Fala (pre\u00e7o e condi\u00e7\u00f5es sob consulta)<\/li>\n<li>S\u00e1bados Animados (pre\u00e7o e condi\u00e7\u00f5es sob consulta)<\/li>\n<li>Festas de Anivers\u00e1rio (pre\u00e7o e condi\u00e7\u00f5es sob consulta)<\/li>\n<li>Festa do Pijama (pre\u00e7o e condi\u00e7\u00f5es sob consulta)<\/li>\n<li>Transporte<\/li>\n<\/ul>\n<p>[\/stm_text_box][\/vc_column][\/vc_row]<\/p>\n","protected":false},"excerpt":{"rendered":"<p>[vc_row full_width=&#8221;stretch_row&#8221; css=&#8221;.vc_custom_1476277432985{margin-top: -7px !important;padding-top: 33px !important;padding-bottom: 57px !important;background-color: #fff9f2 !important;}&#8221;][vc_column width=&#8221;1\/2&#8243;][stm_icon_box view_style=&#8221;style-4&#8243; icon_color=&#8221;custom&#8221; title_color=&#8221;custom&#8221; title=&#8221;Mensalidade&#8221; icon_size=&#8221;70px&#8221; title_color_custom=&#8221;#56509f&#8221; title_font_size=&#8221;42px&#8221; title_line_height=&#8221;60px&#8221; icon_fontawesome=&#8221;stm-icon stm-icon-big_bear&#8221; icon_color_custom=&#8221;#bd66ff&#8221; top_indent=&#8221;10px&#8221; css=&#8221;.vc_custom_1501510245147{margin-bottom: 4px !important;}&#8221;][vc_column_text css=&#8221;.vc_custom_1501511975244{margin-bottom: 15px !important;}&#8221;]Atrav\u00e9s do preenchimento do formul\u00e1rio de pr\u00e9-inscri\u00e7\u00e3o, teremos a oportunidade de fornecer pessoalmente todas as informa\u00e7\u00f5es necess\u00e1rias, acompanhadas com uma visita \u00e0s nossas instala\u00e7\u00f5es (sujeita a [&hellip;]<\/p>\n","protected":false},"author":1,"featured_media":0,"parent":0,"menu_order":0,"comment_status":"closed","ping_status":"closed","template":"","meta":{"footnotes":""},"class_list":["post-4891","page","type-page","status-publish","hentry"],"_links":{"self":[{"href":"https:\/\/www.orisquinhas.pt\/pt\/wp-json\/wp\/v2\/pages\/4891","targetHints":{"allow":["GET"]}}],"collection":[{"href":"https:\/\/www.orisquinhas.pt\/pt\/wp-json\/wp\/v2\/pages"}],"about":[{"href":"https:\/\/www.orisquinhas.pt\/pt\/wp-json\/wp\/v2\/types\/page"}],"author":[{"embeddable":true,"href":"https:\/\/www.orisquinhas.pt\/pt\/wp-json\/wp\/v2\/users\/1"}],"replies":[{"embeddable":true,"href":"https:\/\/www.orisquinhas.pt\/pt\/wp-json\/wp\/v2\/comments?post=4891"}],"version-history":[{"count":0,"href":"https:\/\/www.orisquinhas.pt\/pt\/wp-json\/wp\/v2\/pages\/4891\/revisions"}],"wp:attachment":[{"href":"https:\/\/www.orisquinhas.pt\/pt\/wp-json\/wp\/v2\/media?parent=4891"}],"curies":[{"name":"wp","href":"https:\/\/api.w.org\/{rel}","templated":true}]}}