{"id":4866,"date":"2017-07-25T15:01:10","date_gmt":"2017-07-25T15:01:10","guid":{"rendered":"http:\/\/www.orisquinhas.pt\/pt\/?page_id=4866"},"modified":"2024-09-26T10:34:05","modified_gmt":"2024-09-26T10:34:05","slug":"a-nossa-missao","status":"publish","type":"page","link":"https:\/\/www.orisquinhas.pt\/pt\/a-nossa-missao\/","title":{"rendered":"A Nossa Miss\u00e3o"},"content":{"rendered":"<p>[vc_row full_width=&#8221;stretch_row&#8221; css=&#8221;.vc_custom_1475151838273{margin-top: -7px !important;padding-top: 35px !important;padding-bottom: 50px !important;background-color: #fff9f2 !important;}&#8221;][vc_column][vc_single_image image=&#8221;6063&#8243; img_size=&#8221;full&#8221; alignment=&#8221;center&#8221; style=&#8221;vc_box_rounded&#8221;][stm_title title=&#8221;A Nossa Miss\u00e3o&#8221; title_margin_b=&#8221;26px&#8221;][\/stm_title][vc_column_text]<span style=\"font-size: 14pt;\"><strong>\u201cAQUI APRENDE-SE A BRINCAR, A BRINCAR APRENDE-SE A CRESCER\u201d<\/strong><\/span><\/p>\n<p>A organiza\u00e7\u00e3o dos princ\u00edpios orientadores da pr\u00e1tica t\u00eam como objectivo a forma\u00e7\u00e3o e o desenvolvimento harmonioso e equilibrado da crian\u00e7a bem como a inser\u00e7\u00e3o na sociedade como um ser aut\u00f3nomo.<\/p>\n<p>Realizamos um trabalho construtivo com as crian\u00e7as com os seguintes princ\u00edpios:<\/p>\n<p>\u2022\u00a0\u00a0\u00a0 Fomentar a inser\u00e7\u00e3o da crian\u00e7a em grupos sociais diversos no respeito pela pluralidade das culturas, favorecendo uma progressiva consci\u00eancia como membro da sociedade.<br \/>\n\u2022\u00a0\u00a0\u00a0 Desenvolver a express\u00e3o e a comunica\u00e7\u00e3o atrav\u00e9s de linguagens m\u00faltiplas como meios de rela\u00e7\u00e3o, de informa\u00e7\u00e3o, de sensibiliza\u00e7\u00e3o est\u00e9tica e de compreens\u00e3o do mundo.<br \/>\n\u2022\u00a0\u00a0\u00a0 Envolver as crian\u00e7as num processo de aprendizagem activa (na aprendizagem activa, as crian\u00e7as gerem e manipulam os materiais).<br \/>\n\u2022\u00a0\u00a0\u00a0 Incentivar a participa\u00e7\u00e3o das fam\u00edlias no processo e estabelecer rela\u00e7\u00f5es de efectiva colabora\u00e7\u00e3o com a comunidade.<br \/>\n\u2022\u00a0\u00a0\u00a0 Proceder \u00e0 despistagem de inadapta\u00e7\u00f5es, defici\u00eancias ou precocidades e promover a melhor orienta\u00e7\u00e3o e encaminhamento da crian\u00e7a.[\/vc_column_text][stm_slider buttons_on_slider=&#8221;true&#8221;][stm_slider_item img_id=&#8221;5532&#8243;][stm_slider_item img_id=&#8221;5509&#8243;][stm_slider_item img_id=&#8221;5495&#8243;][stm_slider_item img_id=&#8221;5478&#8243;][stm_slider_item img_id=&#8221;5438&#8243;][\/stm_slider][\/vc_column][\/vc_row][vc_row full_width=&#8221;stretch_row&#8221; css=&#8221;.vc_custom_1500995090582{margin-top: 35px !important;margin-bottom: 16px !important;background-color: #f7e438 !important;background-position: 0 0 !important;background-repeat: repeat !important;}&#8221;][vc_column][stm_title title_align=&#8221;center&#8221; title=&#8221;Metodologia de Trabalho&#8221; title_margin_b=&#8221;27px&#8221;][\/stm_title][vc_row_inner css=&#8221;.vc_custom_1500994923259{margin-bottom: 10px !important;}&#8221;][vc_column_inner width=&#8221;1\/6&#8243;][\/vc_column_inner][vc_column_inner width=&#8221;2\/3&#8243;][vc_column_text]O trabalho que \u00e9 realizado com as crian\u00e7as baseia-se no \u201ctrabalho de projeto\u201d.<\/p>\n<p>Este m\u00e9todo de trabalho tem em vista a participa\u00e7\u00e3o do grupo de crian\u00e7as nas mais diversas atividades, estimulando deste modo, as suas capacidades bem como o de realizar um trabalho em comum. Para que este trabalho decorra de um modo construtivo \u00e9 necess\u00e1rio decidir em conjunto, planificar e projetar todo esse trabalho com a participa\u00e7\u00e3o do grupo.<\/p>\n<p>A partir de um problema ou de um interesse demonstrado pelo grupo de crian\u00e7as, o trabalho \u00e9 desenvolvido por fases:<\/p>\n<p>\u2022\u00a0\u00a0\u00a0 Escolha de um problema;<br \/>\n\u2022\u00a0\u00a0\u00a0 Escolha e formula\u00e7\u00e3o de problemas parcelares;<br \/>\n\u2022\u00a0\u00a0\u00a0 Prepara\u00e7\u00e3o e planeamento do trabalho;<br \/>\n\u2022\u00a0\u00a0\u00a0 Trabalho de campo;<br \/>\n\u2022\u00a0\u00a0\u00a0 Tratamento das informa\u00e7\u00f5es recebidas;<br \/>\n\u2022\u00a0\u00a0\u00a0 Montagem do canto e confec\u00e7\u00e3o dos materiais;<br \/>\n\u2022\u00a0\u00a0\u00a0 Avalia\u00e7\u00e3o do trabalho.<\/p>\n<p>O trabalho do projeto visa atingir as grandes \u00e1reas do desenvolvimento da crian\u00e7a, fazendo com que a mesma realiza novas aprendizagens bem como resolva problemas atrav\u00e9s das situa\u00e7\u00f5es e dos recursos existentes.[\/vc_column_text][\/vc_column_inner][vc_column_inner width=&#8221;1\/6&#8243;][\/vc_column_inner][\/vc_row_inner][\/vc_column][\/vc_row][vc_row full_width=&#8221;stretch_row&#8221; css=&#8221;.vc_custom_1475157756271{padding-top: 20px !important; padding-bottom: 30px !important;background-image: url(http:\/\/www.orisquinhas.pt\/pt\/wp-content\/uploads\/2017\/07\/bg6.jpg) !important;background-position: 0 0 !important;background-repeat: repeat !important;}&#8221;][vc_column css=&#8221;.vc_custom_1475209405740{padding-top: 8px !important;}&#8221;][stm_call_to_action btn_color=&#8221;purpure&#8221; img_id=&#8221;4856&#8243; btn_link=&#8221;url:%2Fpt%2Fcontactos%2F|title:Inscreva-se!||&#8221; img_size=&#8221;200&#215;196&#8243;]<span style=\"color: #404040; font-size: 20px;\">Nada \u00e9 mais importante do que o bem-estar dos vossos filhos. Por isso, fa\u00e7a-nos uma visita e inscreva os seus filhos no O RISQUINHAS.<\/span>[\/stm_call_to_action][\/vc_column][\/vc_row]<\/p>\n","protected":false},"excerpt":{"rendered":"<p>[vc_row full_width=&#8221;stretch_row&#8221; css=&#8221;.vc_custom_1475151838273{margin-top: -7px !important;padding-top: 35px !important;padding-bottom: 50px !important;background-color: #fff9f2 !important;}&#8221;][vc_column][vc_single_image image=&#8221;6063&#8243; img_size=&#8221;full&#8221; alignment=&#8221;center&#8221; style=&#8221;vc_box_rounded&#8221;][stm_title title=&#8221;A Nossa Miss\u00e3o&#8221; title_margin_b=&#8221;26px&#8221;][\/stm_title][vc_column_text]\u201cAQUI APRENDE-SE A BRINCAR, A BRINCAR APRENDE-SE A CRESCER\u201d A organiza\u00e7\u00e3o dos princ\u00edpios orientadores da pr\u00e1tica t\u00eam como objectivo a forma\u00e7\u00e3o e o desenvolvimento harmonioso e equilibrado da crian\u00e7a bem como a inser\u00e7\u00e3o na sociedade como um [&hellip;]<\/p>\n","protected":false},"author":1,"featured_media":0,"parent":0,"menu_order":0,"comment_status":"closed","ping_status":"closed","template":"","meta":{"footnotes":""},"class_list":["post-4866","page","type-page","status-publish","hentry"],"_links":{"self":[{"href":"https:\/\/www.orisquinhas.pt\/pt\/wp-json\/wp\/v2\/pages\/4866","targetHints":{"allow":["GET"]}}],"collection":[{"href":"https:\/\/www.orisquinhas.pt\/pt\/wp-json\/wp\/v2\/pages"}],"about":[{"href":"https:\/\/www.orisquinhas.pt\/pt\/wp-json\/wp\/v2\/types\/page"}],"author":[{"embeddable":true,"href":"https:\/\/www.orisquinhas.pt\/pt\/wp-json\/wp\/v2\/users\/1"}],"replies":[{"embeddable":true,"href":"https:\/\/www.orisquinhas.pt\/pt\/wp-json\/wp\/v2\/comments?post=4866"}],"version-history":[{"count":1,"href":"https:\/\/www.orisquinhas.pt\/pt\/wp-json\/wp\/v2\/pages\/4866\/revisions"}],"predecessor-version":[{"id":6064,"href":"https:\/\/www.orisquinhas.pt\/pt\/wp-json\/wp\/v2\/pages\/4866\/revisions\/6064"}],"wp:attachment":[{"href":"https:\/\/www.orisquinhas.pt\/pt\/wp-json\/wp\/v2\/media?parent=4866"}],"curies":[{"name":"wp","href":"https:\/\/api.w.org\/{rel}","templated":true}]}}