{"id":4330,"date":"2016-10-03T07:47:16","date_gmt":"2016-10-03T04:47:16","guid":{"rendered":"http:\/\/smartyschool.stylemixthemes.com\/?page_id=4330"},"modified":"2024-09-26T10:57:01","modified_gmt":"2024-09-26T10:57:01","slug":"servicos","status":"publish","type":"page","link":"https:\/\/www.orisquinhas.pt\/pt\/servicos\/","title":{"rendered":"Servi\u00e7os"},"content":{"rendered":"<p>[vc_row full_width=&#8221;stretch_row&#8221; css=&#8221;.vc_custom_1501544273260{background-color: #1abcaf !important;}&#8221;][vc_column][stm_title title_align=&#8221;center&#8221; title_color=&#8221;custom&#8221; page_title_enable=&#8221;true&#8221; title_color_custom=&#8221;#ffffff&#8221;][\/stm_title][\/vc_column][\/vc_row][vc_row full_width=&#8221;stretch_row&#8221; css=&#8221;.vc_custom_1475470424749{background-color: #fff9f2 !important;}&#8221;][vc_column width=&#8221;1\/2&#8243; css=&#8221;.vc_custom_1475476444267{padding-top: 30px !important;}&#8221;][stm_icon_box view_style=&#8221;style-5&#8243; icon_color=&#8221;custom&#8221; title_color=&#8221;custom&#8221; descr_color=&#8221;custom&#8221; image_enable=&#8221;true&#8221; title=&#8221;Terapia da Fala&#8221; descr=&#8221;O Rastreio de Linguagem gratuito e exclusivo para os alunos do Risquinhas, ser\u00e1 realizado por um Terapeuta da Fala certificado.&#8221; img_single_id=&#8221;4941&#8243; descr_color_custom=&#8221;#595959&#8243; icon_color_custom=&#8221;#ff6682&#8243; title_color_custom=&#8221;#ff6682&#8243; top_indent=&#8221;7px&#8221; title_link=&#8221;url:%2Fpt%2Fterapia-da-fala%2F|||&#8221; icon_fontawesome=&#8221;stm-icon stm-icon-car&#8221; icon_size=&#8221;50px&#8221; descr_margin_t=&#8221;18px&#8221;][\/vc_column][vc_column width=&#8221;1\/2&#8243; css=&#8221;.vc_custom_1475476449340{padding-top: 30px !important;}&#8221;][stm_icon_box view_style=&#8221;style-5&#8243; icon_color=&#8221;custom&#8221; title_color=&#8221;custom&#8221; descr_color=&#8221;custom&#8221; image_enable=&#8221;true&#8221; title=&#8221;Festas de Anivers\u00e1rio&#8221; descr=&#8221;Organiza\u00e7\u00e3o de festas personalizadas de anivers\u00e1rio para alunos e ex-alunos do Risquinhas, aos S\u00e1bados (manh\u00e3 ou tarde).&#8221; img_single_id=&#8221;4942&#8243; descr_color_custom=&#8221;#595959&#8243; icon_color_custom=&#8221;#ffaf40&#8243; title_color_custom=&#8221;#ffaf40&#8243; title_link=&#8221;url:%2Fpt%2Ffestas-de-aniversario%2F|||&#8221; icon_fontawesome=&#8221;stm-icon stm-icon-bricks&#8221; icon_size=&#8221;65px&#8221; descr_margin_t=&#8221;18px&#8221;][\/vc_column][\/vc_row][vc_row full_width=&#8221;stretch_row&#8221; css=&#8221;.vc_custom_1476169428243{padding-bottom: 80px !important;background-color: #fff9f2 !important;}&#8221;][vc_column width=&#8221;1\/2&#8243; css=&#8221;.vc_custom_1475476467141{padding-top: 30px !important;}&#8221;][stm_icon_box view_style=&#8221;style-5&#8243; icon_color=&#8221;custom&#8221; title_color=&#8221;custom&#8221; descr_color=&#8221;custom&#8221; image_enable=&#8221;true&#8221; title=&#8221;Terapia ocupacional&#8221; img_single_id=&#8221;6065&#8243; descr_color_custom=&#8221;#595959&#8243; icon_color_custom=&#8221;#95cc47&#8243; title_color_custom=&#8221;#95cc47&#8243; title_link=&#8221;url:%2Fpt%2Fatividades-extracurriculares%2F|||&#8221; icon_fontawesome=&#8221;stm-icon stm-icon-pony2&#8243; icon_size=&#8221;63px&#8221; descr_margin_t=&#8221;18px&#8221; descr=&#8221;O Rastreio  gratuito e exclusivo para os alunos do Risquinhas, ser\u00e1 realizado por um Terapeuta ocupacional certificado.&#8221;][\/vc_column][vc_column width=&#8221;1\/2&#8243; css=&#8221;.vc_custom_1475476471801{padding-top: 30px !important;}&#8221;][stm_icon_box view_style=&#8221;style-5&#8243; icon_color=&#8221;custom&#8221; title_color=&#8221;custom&#8221; descr_color=&#8221;custom&#8221; image_enable=&#8221;true&#8221; title=&#8221;Festas do Pijama&#8221; descr=&#8221;Organiza\u00e7\u00e3o de Festas do Pijama \u00e0s sextas-feiras \u00e0 noite.&#8221; img_single_id=&#8221;5286&#8243; descr_color_custom=&#8221;#595959&#8243; icon_color_custom=&#8221;#4bd8cf&#8221; title_color_custom=&#8221;#95cc47&#8243; title_link=&#8221;url:%2Fpt%2Ffestas-do-pijama%2F|||&#8221; icon_fontawesome=&#8221;stm-icon stm-icon-bear&#8221; icon_size=&#8221;63px&#8221; descr_margin_t=&#8221;18px&#8221;][\/vc_column][\/vc_row][vc_row full_width=&#8221;stretch_row&#8221; css=&#8221;.vc_custom_1476169428243{padding-bottom: 80px !important;background-color: #fff9f2 !important;}&#8221;][vc_column width=&#8221;1\/2&#8243; css=&#8221;.vc_custom_1727348203796{padding-top: 30px !important;}&#8221;][stm_icon_box view_style=&#8221;style-5&#8243; icon_color=&#8221;custom&#8221; title_color=&#8221;custom&#8221; descr_color=&#8221;custom&#8221; image_enable=&#8221;true&#8221; title=&#8221;Manh\u00e3s Workshop&#8221; descr=&#8221;Nestas manh\u00e3s de Workshop vais poder partilhar de experi\u00eancias e conhecimentos &#8230;&#8221; img_single_id=&#8221;5295&#8243; descr_color_custom=&#8221;#595959&#8243; icon_color_custom=&#8221;#66318c&#8221; title_color_custom=&#8221;#95cc47&#8243; title_link=&#8221;url:%2Fpt%2Fmanhas-workshop%2F|||&#8221; icon_fontawesome=&#8221;fa fa-scissors&#8221; icon_size=&#8221;63px&#8221; descr_margin_t=&#8221;18px&#8221;][\/vc_column][vc_column width=&#8221;1\/2&#8243; css=&#8221;.vc_custom_1475476471801{padding-top: 30px !important;}&#8221;][\/vc_column][\/vc_row]<\/p>\n","protected":false},"excerpt":{"rendered":"<p>[vc_row full_width=&#8221;stretch_row&#8221; css=&#8221;.vc_custom_1501544273260{background-color: #1abcaf !important;}&#8221;][vc_column][stm_title title_align=&#8221;center&#8221; title_color=&#8221;custom&#8221; page_title_enable=&#8221;true&#8221; title_color_custom=&#8221;#ffffff&#8221;][\/stm_title][\/vc_column][\/vc_row][vc_row full_width=&#8221;stretch_row&#8221; css=&#8221;.vc_custom_1475470424749{background-color: #fff9f2 !important;}&#8221;][vc_column width=&#8221;1\/2&#8243; css=&#8221;.vc_custom_1475476444267{padding-top: 30px !important;}&#8221;][stm_icon_box view_style=&#8221;style-5&#8243; icon_color=&#8221;custom&#8221; title_color=&#8221;custom&#8221; descr_color=&#8221;custom&#8221; image_enable=&#8221;true&#8221; title=&#8221;Terapia da Fala&#8221; descr=&#8221;O Rastreio de Linguagem gratuito e exclusivo para os alunos do Risquinhas, ser\u00e1 realizado por um Terapeuta da Fala certificado.&#8221; img_single_id=&#8221;4941&#8243; descr_color_custom=&#8221;#595959&#8243; icon_color_custom=&#8221;#ff6682&#8243; title_color_custom=&#8221;#ff6682&#8243; top_indent=&#8221;7px&#8221; title_link=&#8221;url:%2Fpt%2Fterapia-da-fala%2F|||&#8221; icon_fontawesome=&#8221;stm-icon stm-icon-car&#8221; icon_size=&#8221;50px&#8221; descr_margin_t=&#8221;18px&#8221;][\/vc_column][vc_column [&hellip;]<\/p>\n","protected":false},"author":1,"featured_media":0,"parent":0,"menu_order":0,"comment_status":"closed","ping_status":"closed","template":"","meta":{"footnotes":""},"class_list":["post-4330","page","type-page","status-publish","hentry"],"_links":{"self":[{"href":"https:\/\/www.orisquinhas.pt\/pt\/wp-json\/wp\/v2\/pages\/4330","targetHints":{"allow":["GET"]}}],"collection":[{"href":"https:\/\/www.orisquinhas.pt\/pt\/wp-json\/wp\/v2\/pages"}],"about":[{"href":"https:\/\/www.orisquinhas.pt\/pt\/wp-json\/wp\/v2\/types\/page"}],"author":[{"embeddable":true,"href":"https:\/\/www.orisquinhas.pt\/pt\/wp-json\/wp\/v2\/users\/1"}],"replies":[{"embeddable":true,"href":"https:\/\/www.orisquinhas.pt\/pt\/wp-json\/wp\/v2\/comments?post=4330"}],"version-history":[{"count":4,"href":"https:\/\/www.orisquinhas.pt\/pt\/wp-json\/wp\/v2\/pages\/4330\/revisions"}],"predecessor-version":[{"id":6067,"href":"https:\/\/www.orisquinhas.pt\/pt\/wp-json\/wp\/v2\/pages\/4330\/revisions\/6067"}],"wp:attachment":[{"href":"https:\/\/www.orisquinhas.pt\/pt\/wp-json\/wp\/v2\/media?parent=4330"}],"curies":[{"name":"wp","href":"https:\/\/api.w.org\/{rel}","templated":true}]}}